{"id":2681,"date":"2022-09-27T06:46:43","date_gmt":"2022-09-27T06:46:43","guid":{"rendered":"https:\/\/margaritapazara.com\/ueber-mich\/"},"modified":"2024-07-08T21:25:12","modified_gmt":"2024-07-08T21:25:12","slug":"ueber-mich","status":"publish","type":"page","link":"https:\/\/margaritapazara.com\/de\/ueber-mich\/","title":{"rendered":"\u00dcber mich"},"content":{"rendered":"\t\t<div data-elementor-type=\"wp-page\" data-elementor-id=\"2681\" class=\"elementor elementor-2681 elementor-652\">\n\t\t\t\t\t\t<section class=\"elementor-section elementor-top-section elementor-element elementor-element-77f1bde elementor-section-boxed elementor-section-height-default elementor-section-height-default\" data-id=\"77f1bde\" data-element_type=\"section\">\n\t\t\t\t\t\t<div class=\"elementor-container elementor-column-gap-default\">\n\t\t\t\t\t<div class=\"elementor-column elementor-col-100 elementor-top-column elementor-element elementor-element-aa9fc41\" data-id=\"aa9fc41\" data-element_type=\"column\">\n\t\t\t<div class=\"elementor-widget-wrap elementor-element-populated\">\n\t\t\t\t\t\t<div class=\"elementor-element elementor-element-aed74dc elementor-invisible elementor-widget elementor-widget-heading\" data-id=\"aed74dc\" data-element_type=\"widget\" data-settings=\"{&quot;_animation&quot;:&quot;fadeInUp&quot;,&quot;_animation_delay&quot;:&quot;400&quot;}\" data-widget_type=\"heading.default\">\n\t\t\t\t<div class=\"elementor-widget-container\">\n\t\t\t<style>\/*! elementor - v3.19.0 - 07-02-2024 *\/\n.elementor-heading-title{padding:0;margin:0;line-height:1}.elementor-widget-heading .elementor-heading-title[class*=elementor-size-]>a{color:inherit;font-size:inherit;line-height:inherit}.elementor-widget-heading .elementor-heading-title.elementor-size-small{font-size:15px}.elementor-widget-heading .elementor-heading-title.elementor-size-medium{font-size:19px}.elementor-widget-heading .elementor-heading-title.elementor-size-large{font-size:29px}.elementor-widget-heading .elementor-heading-title.elementor-size-xl{font-size:39px}.elementor-widget-heading .elementor-heading-title.elementor-size-xxl{font-size:59px}<\/style><h2 class=\"elementor-heading-title elementor-size-default\">Margarita Pazara<\/h2>\t\t<\/div>\n\t\t\t\t<\/div>\n\t\t\t\t\t<\/div>\n\t\t<\/div>\n\t\t\t\t\t<\/div>\n\t\t<\/section>\n\t\t\t\t<section class=\"elementor-section elementor-top-section elementor-element elementor-element-f398e12 elementor-section-full_width elementor-section-height-default elementor-section-height-default\" data-id=\"f398e12\" data-element_type=\"section\">\n\t\t\t\t\t\t<div class=\"elementor-container elementor-column-gap-default\">\n\t\t\t\t\t<div class=\"elementor-column elementor-col-50 elementor-top-column elementor-element elementor-element-2571598\" data-id=\"2571598\" data-element_type=\"column\">\n\t\t\t<div class=\"elementor-widget-wrap elementor-element-populated\">\n\t\t\t\t\t\t<div class=\"elementor-element elementor-element-5f36cc0 animated-slow elementor-invisible elementor-widget elementor-widget-text-editor\" data-id=\"5f36cc0\" data-element_type=\"widget\" data-settings=\"{&quot;_animation&quot;:&quot;fadeInUp&quot;}\" data-widget_type=\"text-editor.default\">\n\t\t\t\t<div class=\"elementor-widget-container\">\n\t\t\t<style>\/*! elementor - v3.19.0 - 07-02-2024 *\/\n.elementor-widget-text-editor.elementor-drop-cap-view-stacked .elementor-drop-cap{background-color:#69727d;color:#fff}.elementor-widget-text-editor.elementor-drop-cap-view-framed .elementor-drop-cap{color:#69727d;border:3px solid;background-color:transparent}.elementor-widget-text-editor:not(.elementor-drop-cap-view-default) .elementor-drop-cap{margin-top:8px}.elementor-widget-text-editor:not(.elementor-drop-cap-view-default) .elementor-drop-cap-letter{width:1em;height:1em}.elementor-widget-text-editor .elementor-drop-cap{float:left;text-align:center;line-height:1;font-size:50px}.elementor-widget-text-editor .elementor-drop-cap-letter{display:inline-block}<\/style>\t\t\t\t<p>Die griechische Sopranistin wurde 1996 geboren und hat schon im jungen Alter mit Klavierspielen und Querfl\u00f6te ihre musikalische Ausbildung begonnen. Dies f\u00fchrte zur Teilnahme an mehreren Ch\u00f6ren, Orchestern, Ensembles und Seminaren, mit denen sie quer durchs Land reiste.<\/p>\n<p>Parallel zu ihrer Schulausbildung bekam sie 2012 ihr Diplom der Musiktheorie im Konservatorium in Larisa.<\/p>\n<p>2014 kam sie dann nach Deutschland, wo sie zwei Jahre Gesang und Ensembleleitung an der Berufsfachschule f\u00fcr Musik Bad K\u00f6nigshofen unter A. Greiling und E. Oestreicher studierte.<\/p>\n<p>Im Anschluss begann sie 2016 ein Studium des Operngesangs an der Musikhochschule W\u00fcrzburg im Bachelor unter Prof. Cheryl Studer, welches sie 2021 mit einem Master unter Prof. Alexandra Coku vollendete. Gleichzeitig war sie zwischen 2018 und 2021 mehrfach als Gast im Opernchor des Mainfranken Theaters W\u00fcrzburg zu sehen.<\/p>\n<p>Zu den bedeutendsten Meisterkursen ihrer bisherigen Laufbahn geh\u00f6ren unter anderen die, die sie unter Brigitte Fassb\u00e4nder und Klesie Kelly absolvierte. W\u00e4hrend ihres Masterstudiums arbeitete sie in den Opernch\u00f6ren des Landestheaters Coburg und des Staatstheaters Darmstadt.<\/p>\n<p>Im Rahmen ihres Studiums an der Opernschule W\u00fcrzburgs interpretiert sie u.a. die Rollen der Papagena, der 1. Dame, Telemanns Euridice, Sch\u00f6nbergs Pierrot Lunaire und K\u00fcnnekes Julia de Weert. Des Weiteren war sie Gewinnerin der Stipendien des Richard Wagner Verbands W\u00fcrzburg 2018\/19, der Wolfgang &amp; Marie Fischer Flach Stiftung 2021, der Oskar- Karl Forster Stiftung und der Stephan &amp; Hermine Werner Stiftung.<\/p>\n<p>Konzertant als Solistin wirkt sie in Bad K\u00f6nigshofen bei Haydns \u201eDie Sch\u00f6pfung\u201c 2022 und Honeggers \u201eK\u00f6nig David\u201c 2023 unter der Leitung von E. Oestreicher und E. Koch, als auch bei Gounods \u201eC\u00e4cilienmesse\u201c an der Martinskirche Kassel mit Karsten Koch.<\/p>\n<p>Momentan ist die Sopranistin als Mitglied des Opernchores im Staatstheater Kassel zu sehen.<\/p>\n\t\t\t\t\t\t<\/div>\n\t\t\t\t<\/div>\n\t\t\t\t\t<\/div>\n\t\t<\/div>\n\t\t\t\t<div class=\"elementor-column elementor-col-50 elementor-top-column elementor-element elementor-element-b8374a0\" data-id=\"b8374a0\" data-element_type=\"column\">\n\t\t\t<div class=\"elementor-widget-wrap elementor-element-populated\">\n\t\t\t\t\t\t<div class=\"elementor-element elementor-element-8eb0e8b animated-slow elementor-invisible elementor-widget elementor-widget-image\" data-id=\"8eb0e8b\" data-element_type=\"widget\" data-settings=\"{&quot;_animation&quot;:&quot;fadeInUp&quot;}\" data-widget_type=\"image.default\">\n\t\t\t\t<div class=\"elementor-widget-container\">\n\t\t\t<style>\/*! elementor - v3.19.0 - 07-02-2024 *\/\n.elementor-widget-image{text-align:center}.elementor-widget-image a{display:inline-block}.elementor-widget-image a img[src$=\".svg\"]{width:48px}.elementor-widget-image img{vertical-align:middle;display:inline-block}<\/style>\t\t\t\t\t\t\t\t\t\t<img fetchpriority=\"high\" decoding=\"async\" width=\"1229\" height=\"1536\" src=\"https:\/\/margaritapazara.com\/wp-content\/uploads\/2024\/02\/SBE00459-feed.webp\" class=\"attachment-full size-full wp-image-2218\" alt=\"\" srcset=\"https:\/\/margaritapazara.com\/wp-content\/uploads\/2024\/02\/SBE00459-feed.webp 1229w, https:\/\/margaritapazara.com\/wp-content\/uploads\/2024\/02\/SBE00459-feed-240x300.webp 240w, https:\/\/margaritapazara.com\/wp-content\/uploads\/2024\/02\/SBE00459-feed-819x1024.webp 819w, https:\/\/margaritapazara.com\/wp-content\/uploads\/2024\/02\/SBE00459-feed-768x960.webp 768w, https:\/\/margaritapazara.com\/wp-content\/uploads\/2024\/02\/SBE00459-feed-680x850.webp 680w, https:\/\/margaritapazara.com\/wp-content\/uploads\/2024\/02\/SBE00459-feed-544x680.webp 544w, https:\/\/margaritapazara.com\/wp-content\/uploads\/2024\/02\/SBE00459-feed-960x1200.webp 960w, https:\/\/margaritapazara.com\/wp-content\/uploads\/2024\/02\/SBE00459-feed-1200x1500.webp 1200w\" sizes=\"(max-width: 1229px) 100vw, 1229px\" \/>\t\t\t\t\t\t\t\t\t\t\t\t\t<\/div>\n\t\t\t\t<\/div>\n\t\t\t\t\t<\/div>\n\t\t<\/div>\n\t\t\t\t\t<\/div>\n\t\t<\/section>\n\t\t\t\t<\/div>\n\t\t","protected":false},"excerpt":{"rendered":"<p>Margarita Pazara Die griechische Sopranistin wurde 1996 geboren und hat schon im jungen Alter mit Klavierspielen und Querfl\u00f6te ihre musikalische Ausbildung begonnen. Dies f\u00fchrte zur Teilnahme an mehreren Ch\u00f6ren, Orchestern, Ensembles und Seminaren, mit denen sie quer durchs Land reiste. Parallel zu ihrer Schulausbildung bekam sie 2012 ihr Diplom der Musiktheorie im Konservatorium in Larisa&#8230;. <\/p>\n<p class=\"more\"> <a class=\"more-link\" href=\"https:\/\/margaritapazara.com\/de\/ueber-mich\/\">Read More<\/a> <\/p>\n","protected":false},"author":1,"featured_media":0,"parent":0,"menu_order":0,"comment_status":"closed","ping_status":"closed","template":"","meta":{"inline_featured_image":false,"footnotes":""},"class_list":["post-2681","page","type-page","status-publish","hentry"],"yoast_head":"<!-- This site is optimized with the Yoast SEO plugin v26.5 - https:\/\/yoast.com\/wordpress\/plugins\/seo\/ -->\n<title>\u00dcber mich - Margarita Pazara |\u00a0Soprano<\/title>\n<meta name=\"robots\" content=\"index, follow, max-snippet:-1, max-image-preview:large, max-video-preview:-1\" \/>\n<link rel=\"canonical\" href=\"https:\/\/margaritapazara.com\/de\/ueber-mich\/\" \/>\n<meta property=\"og:locale\" content=\"de_DE\" \/>\n<meta property=\"og:type\" content=\"article\" \/>\n<meta property=\"og:title\" content=\"\u00dcber mich - Margarita Pazara |\u00a0Soprano\" \/>\n<meta property=\"og:description\" content=\"Margarita Pazara Die griechische Sopranistin wurde 1996 geboren und hat schon im jungen Alter mit Klavierspielen und Querfl\u00f6te ihre musikalische Ausbildung begonnen. Dies f\u00fchrte zur Teilnahme an mehreren Ch\u00f6ren, Orchestern, Ensembles und Seminaren, mit denen sie quer durchs Land reiste. Parallel zu ihrer Schulausbildung bekam sie 2012 ihr Diplom der Musiktheorie im Konservatorium in Larisa.... Read More\" \/>\n<meta property=\"og:url\" content=\"https:\/\/margaritapazara.com\/de\/ueber-mich\/\" \/>\n<meta property=\"og:site_name\" content=\"Margarita Pazara |\u00a0Soprano\" \/>\n<meta property=\"article:modified_time\" content=\"2024-07-08T21:25:12+00:00\" \/>\n<meta property=\"og:image\" content=\"https:\/\/margaritapazara.com\/wp-content\/uploads\/2024\/02\/SBE00459-feed.webp\" \/>\n<meta name=\"twitter:card\" content=\"summary_large_image\" \/>\n<meta name=\"twitter:label1\" content=\"Gesch\u00e4tzte Lesezeit\" \/>\n\t<meta name=\"twitter:data1\" content=\"1\u00a0Minute\" \/>\n<script type=\"application\/ld+json\" class=\"yoast-schema-graph\">{\"@context\":\"https:\/\/schema.org\",\"@graph\":[{\"@type\":\"WebPage\",\"@id\":\"https:\/\/margaritapazara.com\/de\/ueber-mich\/\",\"url\":\"https:\/\/margaritapazara.com\/de\/ueber-mich\/\",\"name\":\"\u00dcber mich - Margarita Pazara |\u00a0Soprano\",\"isPartOf\":{\"@id\":\"https:\/\/margaritapazara.com\/de\/#website\"},\"primaryImageOfPage\":{\"@id\":\"https:\/\/margaritapazara.com\/de\/ueber-mich\/#primaryimage\"},\"image\":{\"@id\":\"https:\/\/margaritapazara.com\/de\/ueber-mich\/#primaryimage\"},\"thumbnailUrl\":\"https:\/\/margaritapazara.com\/wp-content\/uploads\/2024\/02\/SBE00459-feed.webp\",\"datePublished\":\"2022-09-27T06:46:43+00:00\",\"dateModified\":\"2024-07-08T21:25:12+00:00\",\"breadcrumb\":{\"@id\":\"https:\/\/margaritapazara.com\/de\/ueber-mich\/#breadcrumb\"},\"inLanguage\":\"de\",\"potentialAction\":[{\"@type\":\"ReadAction\",\"target\":[\"https:\/\/margaritapazara.com\/de\/ueber-mich\/\"]}]},{\"@type\":\"ImageObject\",\"inLanguage\":\"de\",\"@id\":\"https:\/\/margaritapazara.com\/de\/ueber-mich\/#primaryimage\",\"url\":\"https:\/\/margaritapazara.com\/wp-content\/uploads\/2024\/02\/SBE00459-feed.webp\",\"contentUrl\":\"https:\/\/margaritapazara.com\/wp-content\/uploads\/2024\/02\/SBE00459-feed.webp\"},{\"@type\":\"BreadcrumbList\",\"@id\":\"https:\/\/margaritapazara.com\/de\/ueber-mich\/#breadcrumb\",\"itemListElement\":[{\"@type\":\"ListItem\",\"position\":1,\"name\":\"Home\",\"item\":\"https:\/\/margaritapazara.com\/de\/\"},{\"@type\":\"ListItem\",\"position\":2,\"name\":\"\u00dcber mich\"}]},{\"@type\":\"WebSite\",\"@id\":\"https:\/\/margaritapazara.com\/de\/#website\",\"url\":\"https:\/\/margaritapazara.com\/de\/\",\"name\":\"Margarita Pazara |\u00a0Soprano\",\"description\":\"\",\"potentialAction\":[{\"@type\":\"SearchAction\",\"target\":{\"@type\":\"EntryPoint\",\"urlTemplate\":\"https:\/\/margaritapazara.com\/de\/?s={search_term_string}\"},\"query-input\":{\"@type\":\"PropertyValueSpecification\",\"valueRequired\":true,\"valueName\":\"search_term_string\"}}],\"inLanguage\":\"de\"}]}<\/script>\n<!-- \/ Yoast SEO plugin. -->","yoast_head_json":{"title":"\u00dcber mich - Margarita Pazara |\u00a0Soprano","robots":{"index":"index","follow":"follow","max-snippet":"max-snippet:-1","max-image-preview":"max-image-preview:large","max-video-preview":"max-video-preview:-1"},"canonical":"https:\/\/margaritapazara.com\/de\/ueber-mich\/","og_locale":"de_DE","og_type":"article","og_title":"\u00dcber mich - Margarita Pazara |\u00a0Soprano","og_description":"Margarita Pazara Die griechische Sopranistin wurde 1996 geboren und hat schon im jungen Alter mit Klavierspielen und Querfl\u00f6te ihre musikalische Ausbildung begonnen. Dies f\u00fchrte zur Teilnahme an mehreren Ch\u00f6ren, Orchestern, Ensembles und Seminaren, mit denen sie quer durchs Land reiste. Parallel zu ihrer Schulausbildung bekam sie 2012 ihr Diplom der Musiktheorie im Konservatorium in Larisa.... Read More","og_url":"https:\/\/margaritapazara.com\/de\/ueber-mich\/","og_site_name":"Margarita Pazara |\u00a0Soprano","article_modified_time":"2024-07-08T21:25:12+00:00","og_image":[{"url":"https:\/\/margaritapazara.com\/wp-content\/uploads\/2024\/02\/SBE00459-feed.webp","type":"","width":"","height":""}],"twitter_card":"summary_large_image","twitter_misc":{"Gesch\u00e4tzte Lesezeit":"1\u00a0Minute"},"schema":{"@context":"https:\/\/schema.org","@graph":[{"@type":"WebPage","@id":"https:\/\/margaritapazara.com\/de\/ueber-mich\/","url":"https:\/\/margaritapazara.com\/de\/ueber-mich\/","name":"\u00dcber mich - Margarita Pazara |\u00a0Soprano","isPartOf":{"@id":"https:\/\/margaritapazara.com\/de\/#website"},"primaryImageOfPage":{"@id":"https:\/\/margaritapazara.com\/de\/ueber-mich\/#primaryimage"},"image":{"@id":"https:\/\/margaritapazara.com\/de\/ueber-mich\/#primaryimage"},"thumbnailUrl":"https:\/\/margaritapazara.com\/wp-content\/uploads\/2024\/02\/SBE00459-feed.webp","datePublished":"2022-09-27T06:46:43+00:00","dateModified":"2024-07-08T21:25:12+00:00","breadcrumb":{"@id":"https:\/\/margaritapazara.com\/de\/ueber-mich\/#breadcrumb"},"inLanguage":"de","potentialAction":[{"@type":"ReadAction","target":["https:\/\/margaritapazara.com\/de\/ueber-mich\/"]}]},{"@type":"ImageObject","inLanguage":"de","@id":"https:\/\/margaritapazara.com\/de\/ueber-mich\/#primaryimage","url":"https:\/\/margaritapazara.com\/wp-content\/uploads\/2024\/02\/SBE00459-feed.webp","contentUrl":"https:\/\/margaritapazara.com\/wp-content\/uploads\/2024\/02\/SBE00459-feed.webp"},{"@type":"BreadcrumbList","@id":"https:\/\/margaritapazara.com\/de\/ueber-mich\/#breadcrumb","itemListElement":[{"@type":"ListItem","position":1,"name":"Home","item":"https:\/\/margaritapazara.com\/de\/"},{"@type":"ListItem","position":2,"name":"\u00dcber mich"}]},{"@type":"WebSite","@id":"https:\/\/margaritapazara.com\/de\/#website","url":"https:\/\/margaritapazara.com\/de\/","name":"Margarita Pazara |\u00a0Soprano","description":"","potentialAction":[{"@type":"SearchAction","target":{"@type":"EntryPoint","urlTemplate":"https:\/\/margaritapazara.com\/de\/?s={search_term_string}"},"query-input":{"@type":"PropertyValueSpecification","valueRequired":true,"valueName":"search_term_string"}}],"inLanguage":"de"}]}},"_links":{"self":[{"href":"https:\/\/margaritapazara.com\/de\/wp-json\/wp\/v2\/pages\/2681","targetHints":{"allow":["GET"]}}],"collection":[{"href":"https:\/\/margaritapazara.com\/de\/wp-json\/wp\/v2\/pages"}],"about":[{"href":"https:\/\/margaritapazara.com\/de\/wp-json\/wp\/v2\/types\/page"}],"author":[{"embeddable":true,"href":"https:\/\/margaritapazara.com\/de\/wp-json\/wp\/v2\/users\/1"}],"replies":[{"embeddable":true,"href":"https:\/\/margaritapazara.com\/de\/wp-json\/wp\/v2\/comments?post=2681"}],"version-history":[{"count":1,"href":"https:\/\/margaritapazara.com\/de\/wp-json\/wp\/v2\/pages\/2681\/revisions"}],"predecessor-version":[{"id":2682,"href":"https:\/\/margaritapazara.com\/de\/wp-json\/wp\/v2\/pages\/2681\/revisions\/2682"}],"wp:attachment":[{"href":"https:\/\/margaritapazara.com\/de\/wp-json\/wp\/v2\/media?parent=2681"}],"curies":[{"name":"wp","href":"https:\/\/api.w.org\/{rel}","templated":true}]}}